{"id":341,"date":"2025-01-30T13:21:21","date_gmt":"2025-01-30T12:21:21","guid":{"rendered":"http:\/\/vadellassessors.disstintbeta.com\/vadell-assessors\/"},"modified":"2025-03-06T13:32:47","modified_gmt":"2025-03-06T12:32:47","slug":"vadell-assessors","status":"publish","type":"page","link":"https:\/\/vadellassessors.com\/ca\/vadell-assessors\/","title":{"rendered":"Vadell Assessors"},"content":{"rendered":"\t\t<div data-elementor-type=\"wp-page\" data-elementor-id=\"341\" class=\"elementor elementor-341 elementor-165\" data-elementor-post-type=\"page\">\n\t\t\t\t<div class=\"elementor-element elementor-element-ce1820f e-flex e-con-boxed e-con e-parent\" data-id=\"ce1820f\" data-element_type=\"container\" data-settings=\"{&quot;background_background&quot;:&quot;classic&quot;}\">\n\t\t\t\t\t<div class=\"e-con-inner\">\n\t\t\t\t<div class=\"elementor-element elementor-element-e6134dc elementor-widget elementor-widget-heading\" data-id=\"e6134dc\" data-element_type=\"widget\" data-widget_type=\"heading.default\">\n\t\t\t\t<div class=\"elementor-widget-container\">\n\t\t\t\t\t<h1 class=\"elementor-heading-title elementor-size-default\">CONEIX VADELL ASSESSORS<\/h1>\t\t\t\t<\/div>\n\t\t\t\t<\/div>\n\t\t\t\t\t<\/div>\n\t\t\t\t<\/div>\n\t\t<div class=\"elementor-element elementor-element-42b0854 e-flex e-con-boxed e-con e-parent\" data-id=\"42b0854\" data-element_type=\"container\" data-settings=\"{&quot;background_background&quot;:&quot;classic&quot;}\">\n\t\t\t\t\t<div class=\"e-con-inner\">\n\t\t<div class=\"elementor-element elementor-element-03fb5d1 e-con-full e-flex e-con e-child\" data-id=\"03fb5d1\" data-element_type=\"container\" data-settings=\"{&quot;background_background&quot;:&quot;classic&quot;}\">\n\t\t\t\t<div class=\"elementor-element elementor-element-7da8642 elementor-widget__width-initial elementor-widget-mobile__width-inherit elementor-widget elementor-widget-heading\" data-id=\"7da8642\" data-element_type=\"widget\" data-widget_type=\"heading.default\">\n\t\t\t\t<div class=\"elementor-widget-container\">\n\t\t\t\t\t<h2 class=\"elementor-heading-title elementor-size-default\">  Assessoria jur\u00eddica i fiscal<\/h2>\t\t\t\t<\/div>\n\t\t\t\t<\/div>\n\t\t\t\t<div class=\"elementor-element elementor-element-5004527 elementor-widget__width-initial elementor-widget-mobile__width-inherit elementor-widget elementor-widget-text-editor\" data-id=\"5004527\" data-element_type=\"widget\" data-widget_type=\"text-editor.default\">\n\t\t\t\t<div class=\"elementor-widget-container\">\n\t\t\t\t\t\t\t\t\t<p>A Vadell Assessors som un equip de professionals especialitzats en assessorament jur\u00eddic i fiscal, compromesos en oferir solucions personalitzades que s&#8217;adaptin a les necessitats dels nostres clients. Amb una traject\u00f2ria basada en l&#8217;excel\u00b7l\u00e8ncia, combinem experi\u00e8ncia, coneixement t\u00e8cnic i un enfocament proper per garantir la millor protecci\u00f3 i optimitzaci\u00f3 dels vostres interessos.<\/p>\n<p>La nostra missi\u00f3 \u00e9s proporcionar un servei integral i de confian\u00e7a, abastant tant l&#8217;\u00e0mbit empresarial com el particular, ja sigui a la planificaci\u00f3 fiscal, la resoluci\u00f3 de conflictes legals o l&#8217;acompanyament en tr\u00e0mits complexos.<\/p>\n\t\t\t\t\t\t\t\t<\/div>\n\t\t\t\t<\/div>\n\t\t\t\t<\/div>\n\t\t\t\t\t<\/div>\n\t\t\t\t<\/div>\n\t\t<div class=\"elementor-element elementor-element-d16cf62 e-con-full e-flex e-con e-parent\" data-id=\"d16cf62\" data-element_type=\"container\" data-settings=\"{&quot;background_background&quot;:&quot;classic&quot;}\">\n\t\t<div class=\"elementor-element elementor-element-386babf e-flex e-con-boxed e-con e-child\" data-id=\"386babf\" data-element_type=\"container\" data-settings=\"{&quot;background_background&quot;:&quot;classic&quot;}\">\n\t\t\t\t\t<div class=\"e-con-inner\">\n\t\t\t\t<div class=\"elementor-element elementor-element-5a58766 elementor-widget elementor-widget-heading\" data-id=\"5a58766\" data-element_type=\"widget\" data-widget_type=\"heading.default\">\n\t\t\t\t<div class=\"elementor-widget-container\">\n\t\t\t\t\t<h2 class=\"elementor-heading-title elementor-size-default\">Sobre Tomeu Vadell<\/h2>\t\t\t\t<\/div>\n\t\t\t\t<\/div>\n\t\t\t\t<div class=\"elementor-element elementor-element-0acb9fa elementor-widget-divider--view-line elementor-widget elementor-widget-divider\" data-id=\"0acb9fa\" data-element_type=\"widget\" data-widget_type=\"divider.default\">\n\t\t\t\t<div class=\"elementor-widget-container\">\n\t\t\t\t\t\t\t<div class=\"elementor-divider\">\n\t\t\t<span class=\"elementor-divider-separator\">\n\t\t\t\t\t\t<\/span>\n\t\t<\/div>\n\t\t\t\t\t\t<\/div>\n\t\t\t\t<\/div>\n\t\t<div class=\"elementor-element elementor-element-a7cc3a5 e-con-full e-flex e-con e-child\" data-id=\"a7cc3a5\" data-element_type=\"container\">\n\t\t\t\t<div class=\"elementor-element elementor-element-78a396c elementor-widget-tablet__width-inherit elementor-widget elementor-widget-text-editor\" data-id=\"78a396c\" data-element_type=\"widget\" data-widget_type=\"text-editor.default\">\n\t\t\t\t<div class=\"elementor-widget-container\">\n\t\t\t\t\t\t\t\t\t<p>Tomeu Vadell, fundador de l&#8217;empresa, es va llicenciar en Dret a la Universitat de les Illes Balears (UIB). \u00c9s m\u00e0ster en Hisenda P\u00fablica, Sistema Impositiu i Procediments Tributaris per la UIB, aix\u00ed com en dret immobiliari per la Universitat Complutense de Madrid, i diplomat en dret mercantil per la Universitat Europea Miguel de Cervantes.<\/p>\n<\/p>\n<p>\u00c9s autor de diversos articles publicats en revistes especialitzades en dret civil i fiscal entre els quals cal destacar<\/p>\n<\/p>\n<p><img decoding=\"async\" class=\"alignleft wp-image-44\" role=\"img\" src=\"https:\/\/vadellassessors.com\/wp-content\/uploads\/2025\/01\/akar-icons_check-box.svg\" alt=\"\" width=\"24\" height=\"25\">\u201cSuccessions de causants No Residents a les Illes Balears\u201d (2.023)<\/p>\n<\/p>\n<p><img decoding=\"async\" class=\"alignleft wp-image-44\" role=\"img\" src=\"https:\/\/vadellassessors.com\/wp-content\/uploads\/2025\/01\/akar-icons_check-box.svg\" alt=\"\" width=\"24\" height=\"25\">\u201cPactes Successoris per part de No Residents a les Illes Balears\u201d (2.024), entre d&#8217;altres.<\/p>\n<\/p>\n<p>T\u00e9 experi\u00e8ncia professional en empreses multinacionals, com \u201cKreston Iberaudit\u201d.<\/p>\n<\/p>\n<p>Idiomes:<\/p>\n<\/p>\n<p><strong>Espanyol<\/strong><\/p>\n<p><small>Nadiu<\/small><\/p>\n<\/p>\n<p><strong>Catal\u00e0<\/strong><\/p>\n<p><small>Nadiu<\/small><\/p>\n<\/p>\n<p><strong>Angl\u00e8s<\/strong><\/p>\n<p><small>Nivell avan\u00e7at<\/small><\/p>\n\t\t\t\t\t\t\t\t<\/div>\n\t\t\t\t<\/div>\n\t\t\t\t<\/div>\n\t\t\t\t\t<\/div>\n\t\t\t\t<\/div>\n\t\t\t\t<\/div>\n\t\t\t\t<\/div>\n\t\t","protected":false},"excerpt":{"rendered":"<p>CONEIX VADELL ASSESSORS Assessoria jur\u00eddica i fiscal A Vadell Assessors som un equip de professionals especialitzats en assessorament jur\u00eddic i fiscal, compromesos en oferir solucions personalitzades que s&#8217;adaptin a les necessitats dels nostres clients. Amb una traject\u00f2ria basada en l&#8217;excel\u00b7l\u00e8ncia, combinem experi\u00e8ncia, coneixement t\u00e8cnic i un enfocament proper per garantir la millor protecci\u00f3 i optimitzaci\u00f3 [&hellip;]<\/p>\n","protected":false},"author":1,"featured_media":0,"parent":0,"menu_order":0,"comment_status":"closed","ping_status":"closed","template":"","meta":{"footnotes":""},"class_list":["post-341","page","type-page","status-publish","hentry"],"yoast_head":"<!-- This site is optimized with the Yoast SEO plugin v24.6 - https:\/\/yoast.com\/wordpress\/plugins\/seo\/ -->\n<title>Assessoria jur\u00eddica i fiscal a Manacor | Vadell Assessors<\/title>\n<meta name=\"description\" content=\"Assessoria jur\u00eddica i fiscal a Manacor. Experts en dret civil, mercantil i fiscal per a empreses, professionals i particulars.\" \/>\n<meta name=\"robots\" content=\"index, follow, max-snippet:-1, max-image-preview:large, max-video-preview:-1\" \/>\n<link rel=\"canonical\" href=\"https:\/\/vadellassessors.com\/ca\/vadell-assessors\/\" \/>\n<meta property=\"og:locale\" content=\"ca_ES\" \/>\n<meta property=\"og:type\" content=\"article\" \/>\n<meta property=\"og:title\" content=\"Assessoria jur\u00eddica i fiscal a Manacor | Vadell Assessors\" \/>\n<meta property=\"og:description\" content=\"Assessoria jur\u00eddica i fiscal a Manacor. Experts en dret civil, mercantil i fiscal per a empreses, professionals i particulars.\" \/>\n<meta property=\"og:url\" content=\"https:\/\/vadellassessors.com\/ca\/vadell-assessors\/\" \/>\n<meta property=\"og:site_name\" content=\"Vadell Assessors\" \/>\n<meta property=\"article:modified_time\" content=\"2025-03-06T12:32:47+00:00\" \/>\n<meta name=\"twitter:card\" content=\"summary_large_image\" \/>\n<meta name=\"twitter:label1\" content=\"Temps estimat de lectura\" \/>\n\t<meta name=\"twitter:data1\" content=\"2 minuts\" \/>\n<script type=\"application\/ld+json\" class=\"yoast-schema-graph\">{\"@context\":\"https:\/\/schema.org\",\"@graph\":[{\"@type\":\"WebPage\",\"@id\":\"https:\/\/vadellassessors.com\/ca\/vadell-assessors\/\",\"url\":\"https:\/\/vadellassessors.com\/ca\/vadell-assessors\/\",\"name\":\"Assessoria jur\u00eddica i fiscal a Manacor | Vadell Assessors\",\"isPartOf\":{\"@id\":\"https:\/\/vadellassessors.com\/ca\/#website\"},\"primaryImageOfPage\":{\"@id\":\"https:\/\/vadellassessors.com\/ca\/vadell-assessors\/#primaryimage\"},\"image\":{\"@id\":\"https:\/\/vadellassessors.com\/ca\/vadell-assessors\/#primaryimage\"},\"thumbnailUrl\":\"https:\/\/vadellassessors.com\/wp-content\/uploads\/2025\/01\/akar-icons_check-box.svg\",\"datePublished\":\"2025-01-30T12:21:21+00:00\",\"dateModified\":\"2025-03-06T12:32:47+00:00\",\"description\":\"Assessoria jur\u00eddica i fiscal a Manacor. Experts en dret civil, mercantil i fiscal per a empreses, professionals i particulars.\",\"breadcrumb\":{\"@id\":\"https:\/\/vadellassessors.com\/ca\/vadell-assessors\/#breadcrumb\"},\"inLanguage\":\"ca\",\"potentialAction\":[{\"@type\":\"ReadAction\",\"target\":[\"https:\/\/vadellassessors.com\/ca\/vadell-assessors\/\"]}]},{\"@type\":\"ImageObject\",\"inLanguage\":\"ca\",\"@id\":\"https:\/\/vadellassessors.com\/ca\/vadell-assessors\/#primaryimage\",\"url\":\"https:\/\/vadellassessors.com\/wp-content\/uploads\/2025\/01\/akar-icons_check-box.svg\",\"contentUrl\":\"https:\/\/vadellassessors.com\/wp-content\/uploads\/2025\/01\/akar-icons_check-box.svg\"},{\"@type\":\"BreadcrumbList\",\"@id\":\"https:\/\/vadellassessors.com\/ca\/vadell-assessors\/#breadcrumb\",\"itemListElement\":[{\"@type\":\"ListItem\",\"position\":1,\"name\":\"Portada\",\"item\":\"https:\/\/vadellassessors.com\/ca\/\"},{\"@type\":\"ListItem\",\"position\":2,\"name\":\"Vadell Assessors\"}]},{\"@type\":\"WebSite\",\"@id\":\"https:\/\/vadellassessors.com\/ca\/#website\",\"url\":\"https:\/\/vadellassessors.com\/ca\/\",\"name\":\"Vadell Assessors\",\"description\":\"Construimos tu camino a partir de las mejores decisiones\",\"publisher\":{\"@id\":\"https:\/\/vadellassessors.com\/ca\/#organization\"},\"potentialAction\":[{\"@type\":\"SearchAction\",\"target\":{\"@type\":\"EntryPoint\",\"urlTemplate\":\"https:\/\/vadellassessors.com\/ca\/?s={search_term_string}\"},\"query-input\":{\"@type\":\"PropertyValueSpecification\",\"valueRequired\":true,\"valueName\":\"search_term_string\"}}],\"inLanguage\":\"ca\"},{\"@type\":\"Organization\",\"@id\":\"https:\/\/vadellassessors.com\/ca\/#organization\",\"name\":\"Vadell Assessors\",\"url\":\"https:\/\/vadellassessors.com\/ca\/\",\"logo\":{\"@type\":\"ImageObject\",\"inLanguage\":\"ca\",\"@id\":\"https:\/\/vadellassessors.com\/ca\/#\/schema\/logo\/image\/\",\"url\":\"https:\/\/vadellassessors.com\/wp-content\/uploads\/2025\/01\/logo.svg\",\"contentUrl\":\"https:\/\/vadellassessors.com\/wp-content\/uploads\/2025\/01\/logo.svg\",\"width\":92,\"height\":62,\"caption\":\"Vadell Assessors\"},\"image\":{\"@id\":\"https:\/\/vadellassessors.com\/ca\/#\/schema\/logo\/image\/\"}}]}<\/script>\n<!-- \/ Yoast SEO plugin. -->","yoast_head_json":{"title":"Assessoria jur\u00eddica i fiscal a Manacor | Vadell Assessors","description":"Assessoria jur\u00eddica i fiscal a Manacor. Experts en dret civil, mercantil i fiscal per a empreses, professionals i particulars.","robots":{"index":"index","follow":"follow","max-snippet":"max-snippet:-1","max-image-preview":"max-image-preview:large","max-video-preview":"max-video-preview:-1"},"canonical":"https:\/\/vadellassessors.com\/ca\/vadell-assessors\/","og_locale":"ca_ES","og_type":"article","og_title":"Assessoria jur\u00eddica i fiscal a Manacor | Vadell Assessors","og_description":"Assessoria jur\u00eddica i fiscal a Manacor. Experts en dret civil, mercantil i fiscal per a empreses, professionals i particulars.","og_url":"https:\/\/vadellassessors.com\/ca\/vadell-assessors\/","og_site_name":"Vadell Assessors","article_modified_time":"2025-03-06T12:32:47+00:00","twitter_card":"summary_large_image","twitter_misc":{"Temps estimat de lectura":"2 minuts"},"schema":{"@context":"https:\/\/schema.org","@graph":[{"@type":"WebPage","@id":"https:\/\/vadellassessors.com\/ca\/vadell-assessors\/","url":"https:\/\/vadellassessors.com\/ca\/vadell-assessors\/","name":"Assessoria jur\u00eddica i fiscal a Manacor | Vadell Assessors","isPartOf":{"@id":"https:\/\/vadellassessors.com\/ca\/#website"},"primaryImageOfPage":{"@id":"https:\/\/vadellassessors.com\/ca\/vadell-assessors\/#primaryimage"},"image":{"@id":"https:\/\/vadellassessors.com\/ca\/vadell-assessors\/#primaryimage"},"thumbnailUrl":"https:\/\/vadellassessors.com\/wp-content\/uploads\/2025\/01\/akar-icons_check-box.svg","datePublished":"2025-01-30T12:21:21+00:00","dateModified":"2025-03-06T12:32:47+00:00","description":"Assessoria jur\u00eddica i fiscal a Manacor. Experts en dret civil, mercantil i fiscal per a empreses, professionals i particulars.","breadcrumb":{"@id":"https:\/\/vadellassessors.com\/ca\/vadell-assessors\/#breadcrumb"},"inLanguage":"ca","potentialAction":[{"@type":"ReadAction","target":["https:\/\/vadellassessors.com\/ca\/vadell-assessors\/"]}]},{"@type":"ImageObject","inLanguage":"ca","@id":"https:\/\/vadellassessors.com\/ca\/vadell-assessors\/#primaryimage","url":"https:\/\/vadellassessors.com\/wp-content\/uploads\/2025\/01\/akar-icons_check-box.svg","contentUrl":"https:\/\/vadellassessors.com\/wp-content\/uploads\/2025\/01\/akar-icons_check-box.svg"},{"@type":"BreadcrumbList","@id":"https:\/\/vadellassessors.com\/ca\/vadell-assessors\/#breadcrumb","itemListElement":[{"@type":"ListItem","position":1,"name":"Portada","item":"https:\/\/vadellassessors.com\/ca\/"},{"@type":"ListItem","position":2,"name":"Vadell Assessors"}]},{"@type":"WebSite","@id":"https:\/\/vadellassessors.com\/ca\/#website","url":"https:\/\/vadellassessors.com\/ca\/","name":"Vadell Assessors","description":"Construimos tu camino a partir de las mejores decisiones","publisher":{"@id":"https:\/\/vadellassessors.com\/ca\/#organization"},"potentialAction":[{"@type":"SearchAction","target":{"@type":"EntryPoint","urlTemplate":"https:\/\/vadellassessors.com\/ca\/?s={search_term_string}"},"query-input":{"@type":"PropertyValueSpecification","valueRequired":true,"valueName":"search_term_string"}}],"inLanguage":"ca"},{"@type":"Organization","@id":"https:\/\/vadellassessors.com\/ca\/#organization","name":"Vadell Assessors","url":"https:\/\/vadellassessors.com\/ca\/","logo":{"@type":"ImageObject","inLanguage":"ca","@id":"https:\/\/vadellassessors.com\/ca\/#\/schema\/logo\/image\/","url":"https:\/\/vadellassessors.com\/wp-content\/uploads\/2025\/01\/logo.svg","contentUrl":"https:\/\/vadellassessors.com\/wp-content\/uploads\/2025\/01\/logo.svg","width":92,"height":62,"caption":"Vadell Assessors"},"image":{"@id":"https:\/\/vadellassessors.com\/ca\/#\/schema\/logo\/image\/"}}]}},"_links":{"self":[{"href":"https:\/\/vadellassessors.com\/ca\/wp-json\/wp\/v2\/pages\/341","targetHints":{"allow":["GET"]}}],"collection":[{"href":"https:\/\/vadellassessors.com\/ca\/wp-json\/wp\/v2\/pages"}],"about":[{"href":"https:\/\/vadellassessors.com\/ca\/wp-json\/wp\/v2\/types\/page"}],"author":[{"embeddable":true,"href":"https:\/\/vadellassessors.com\/ca\/wp-json\/wp\/v2\/users\/1"}],"replies":[{"embeddable":true,"href":"https:\/\/vadellassessors.com\/ca\/wp-json\/wp\/v2\/comments?post=341"}],"version-history":[{"count":15,"href":"https:\/\/vadellassessors.com\/ca\/wp-json\/wp\/v2\/pages\/341\/revisions"}],"predecessor-version":[{"id":712,"href":"https:\/\/vadellassessors.com\/ca\/wp-json\/wp\/v2\/pages\/341\/revisions\/712"}],"wp:attachment":[{"href":"https:\/\/vadellassessors.com\/ca\/wp-json\/wp\/v2\/media?parent=341"}],"curies":[{"name":"wp","href":"https:\/\/api.w.org\/{rel}","templated":true}]}}