{"id":651,"date":"2025-01-30T13:21:21","date_gmt":"2025-01-30T12:21:21","guid":{"rendered":"http:\/\/vadellassessors.disstintbeta.com\/vadell-assessors\/"},"modified":"2025-03-06T13:34:30","modified_gmt":"2025-03-06T12:34:30","slug":"vadell-assessors","status":"publish","type":"page","link":"https:\/\/vadellassessors.com\/de\/vadell-assessors\/","title":{"rendered":"Vadell Assessors"},"content":{"rendered":"\t\t<div data-elementor-type=\"wp-page\" data-elementor-id=\"651\" class=\"elementor elementor-651 elementor-165\" data-elementor-post-type=\"page\">\n\t\t\t\t<div class=\"elementor-element elementor-element-ce1820f e-flex e-con-boxed e-con e-parent\" data-id=\"ce1820f\" data-element_type=\"container\" data-settings=\"{&quot;background_background&quot;:&quot;classic&quot;}\">\n\t\t\t\t\t<div class=\"e-con-inner\">\n\t\t\t\t<div class=\"elementor-element elementor-element-e6134dc elementor-widget elementor-widget-heading\" data-id=\"e6134dc\" data-element_type=\"widget\" data-widget_type=\"heading.default\">\n\t\t\t\t<div class=\"elementor-widget-container\">\n\t\t\t\t\t<h1 class=\"elementor-heading-title elementor-size-default\">\u00dcBER VADELL ASSESSORS\n        <\/h1>\t\t\t\t<\/div>\n\t\t\t\t<\/div>\n\t\t\t\t\t<\/div>\n\t\t\t\t<\/div>\n\t\t<div class=\"elementor-element elementor-element-42b0854 e-flex e-con-boxed e-con e-parent\" data-id=\"42b0854\" data-element_type=\"container\" data-settings=\"{&quot;background_background&quot;:&quot;classic&quot;}\">\n\t\t\t\t\t<div class=\"e-con-inner\">\n\t\t<div class=\"elementor-element elementor-element-03fb5d1 e-con-full e-flex e-con e-child\" data-id=\"03fb5d1\" data-element_type=\"container\" data-settings=\"{&quot;background_background&quot;:&quot;classic&quot;}\">\n\t\t\t\t<div class=\"elementor-element elementor-element-7da8642 elementor-widget__width-initial elementor-widget-mobile__width-inherit elementor-widget elementor-widget-heading\" data-id=\"7da8642\" data-element_type=\"widget\" data-widget_type=\"heading.default\">\n\t\t\t\t<div class=\"elementor-widget-container\">\n\t\t\t\t\t<h2 class=\"elementor-heading-title elementor-size-default\"> Rechts- und Steuerberatung\n        <\/h2>\t\t\t\t<\/div>\n\t\t\t\t<\/div>\n\t\t\t\t<div class=\"elementor-element elementor-element-5004527 elementor-widget__width-initial elementor-widget-mobile__width-inherit elementor-widget elementor-widget-text-editor\" data-id=\"5004527\" data-element_type=\"widget\" data-widget_type=\"text-editor.default\">\n\t\t\t\t<div class=\"elementor-widget-container\">\n\t\t\t\t\t\t\t\t\t<p>Vadell Assessors ist ein Team von Fachleuten, das sich auf Rechts- und Steuerberatung spezialisiert hat und individuelle L\u00f6sungen anbietet, die den Bed\u00fcrfnissen unserer Kunden entsprechen.<br \/>\n         Unsere hervorragende Erfolgsbilanz basiert auf der Kombination aus Erfahrung, Fachwissen und einer engen Zusammenarbeit mit den Kunden, um den besten Schutz und die Optimierung Ihrer Interessen zu gew\u00e4hrleisten.<\/p>\n<p>Unser Ziel ist es, einen umfassenden und zuverl\u00e4ssigen Service zu bieten, der sowohl Gesch\u00e4fts- als auch Privatkunden zur Verf\u00fcgung steht, sei es bei der Steuerplanung, der L\u00f6sung von Rechtsstreitigkeiten oder der Unterst\u00fctzung bei komplexen Verfahren.\n        <\/p>\n\t\t\t\t\t\t\t\t<\/div>\n\t\t\t\t<\/div>\n\t\t\t\t<\/div>\n\t\t\t\t\t<\/div>\n\t\t\t\t<\/div>\n\t\t<div class=\"elementor-element elementor-element-d16cf62 e-con-full e-flex e-con e-parent\" data-id=\"d16cf62\" data-element_type=\"container\" data-settings=\"{&quot;background_background&quot;:&quot;classic&quot;}\">\n\t\t<div class=\"elementor-element elementor-element-386babf e-flex e-con-boxed e-con e-child\" data-id=\"386babf\" data-element_type=\"container\" data-settings=\"{&quot;background_background&quot;:&quot;classic&quot;}\">\n\t\t\t\t\t<div class=\"e-con-inner\">\n\t\t\t\t<div class=\"elementor-element elementor-element-5a58766 elementor-widget elementor-widget-heading\" data-id=\"5a58766\" data-element_type=\"widget\" data-widget_type=\"heading.default\">\n\t\t\t\t<div class=\"elementor-widget-container\">\n\t\t\t\t\t<h2 class=\"elementor-heading-title elementor-size-default\">\u00dcber Tomeu Vadell\n        <\/h2>\t\t\t\t<\/div>\n\t\t\t\t<\/div>\n\t\t\t\t<div class=\"elementor-element elementor-element-0acb9fa elementor-widget-divider--view-line elementor-widget elementor-widget-divider\" data-id=\"0acb9fa\" data-element_type=\"widget\" data-widget_type=\"divider.default\">\n\t\t\t\t<div class=\"elementor-widget-container\">\n\t\t\t\t\t\t\t<div class=\"elementor-divider\">\n\t\t\t<span class=\"elementor-divider-separator\">\n\t\t\t\t\t\t<\/span>\n\t\t<\/div>\n\t\t\t\t\t\t<\/div>\n\t\t\t\t<\/div>\n\t\t<div class=\"elementor-element elementor-element-a7cc3a5 e-con-full e-flex e-con e-child\" data-id=\"a7cc3a5\" data-element_type=\"container\">\n\t\t\t\t<div class=\"elementor-element elementor-element-78a396c elementor-widget-tablet__width-inherit elementor-widget elementor-widget-text-editor\" data-id=\"78a396c\" data-element_type=\"widget\" data-widget_type=\"text-editor.default\">\n\t\t\t\t<div class=\"elementor-widget-container\">\n\t\t\t\t\t\t\t\t\t<p>Tomeu Vadell, der Gr\u00fcnder der Kanzlei, hat sein Studium der Rechtswissenschaften an der Universit\u00e4t der Balearen (UIB) abgeschlossen.<br \/>\n         Zus\u00e4tzlich hat er einen Master-Abschluss in \u00f6ffentlichen Finanzen, Steuersystem und Steuerverfahren an der UIB, einen Master-Abschluss in Immobilienrecht an der Universit\u00e4t Complutense Madrid und ein Diplom in Wirtschaftsrecht an der Europ\u00e4ischen Universit\u00e4t Miguel de Cervantes erworben.\n        <\/p>\n<\/p>\n<p>Als Autor hat er mehrere Artikel in Fachzeitschriften zum Zivil- und Steuerrecht ver\u00f6ffentlicht, darunter\n        <\/p>\n<\/p>\n<p><img decoding=\"async\" class=\"alignleft wp-image-44\" role=\"img\" src=\"https:\/\/vadellassessors.com\/wp-content\/uploads\/2025\/01\/akar-icons_check-box.svg\" alt=\"\" width=\"24\" height=\"25\">&#8222;Erbschaft von Verstorbenen ohne Wohnsitz auf den Balearen&#8220; (2023)\n        <\/p>\n<\/p>\n<p><img decoding=\"async\" class=\"alignleft wp-image-44\" role=\"img\" src=\"https:\/\/vadellassessors.com\/wp-content\/uploads\/2025\/01\/akar-icons_check-box.svg\" alt=\"\" width=\"24\" height=\"25\">&#8222;Erbvertr\u00e4ge f\u00fcr Personen, die nicht auf den Balearen wohnhaft sind&#8220; (2024), unter anderem.\n        <\/p>\n<\/p>\n<p>Er verf\u00fcgt \u00fcber Berufserfahrung in multinationalen Unternehmen wie &#8222;Kreston Iberaudit&#8220;.\n        <\/p>\n<\/p>\n<p>Sprachen:\n        <\/p>\n<\/p>\n<p><strong>Spanisch<br \/>\n        <\/strong><\/p>\n<p><small>Erstsprache<br \/>\n        <\/small><\/p>\n<\/p>\n<p><strong>Katalonien<br \/>\n        <\/strong><\/p>\n<p><small>Erstsprache<br \/>\n        <\/small><\/p>\n<\/p>\n<p><strong>Englisch<br \/>\n        <\/strong><\/p>\n<p><small>Hohes Niveau<br \/>\n        <\/small><\/p>\n\t\t\t\t\t\t\t\t<\/div>\n\t\t\t\t<\/div>\n\t\t\t\t<\/div>\n\t\t\t\t\t<\/div>\n\t\t\t\t<\/div>\n\t\t\t\t<\/div>\n\t\t\t\t<\/div>\n\t\t","protected":false},"excerpt":{"rendered":"<p>\u00dcBER VADELL ASSESSORS Rechts- und Steuerberatung Vadell Assessors ist ein Team von Fachleuten, das sich auf Rechts- und Steuerberatung spezialisiert hat und individuelle L\u00f6sungen anbietet, die den Bed\u00fcrfnissen unserer Kunden entsprechen. Unsere hervorragende Erfolgsbilanz basiert auf der Kombination aus Erfahrung, Fachwissen und einer engen Zusammenarbeit mit den Kunden, um den besten Schutz und die Optimierung [&hellip;]<\/p>\n","protected":false},"author":1,"featured_media":0,"parent":0,"menu_order":0,"comment_status":"closed","ping_status":"closed","template":"","meta":{"footnotes":""},"class_list":["post-651","page","type-page","status-publish","hentry"],"yoast_head":"<!-- This site is optimized with the Yoast SEO plugin v24.6 - https:\/\/yoast.com\/wordpress\/plugins\/seo\/ -->\n<title>Rechts- und Steuerberatung in Manacor | Vadell Assessors<\/title>\n<meta name=\"description\" content=\"Rechts- und Steuerberatung in Manacor. Experten f\u00fcr Zivil-, Handels- und Steuerrecht f\u00fcr Unternehmen, Fachkollegen und Privatpersonen.\" \/>\n<meta name=\"robots\" content=\"index, follow, max-snippet:-1, max-image-preview:large, max-video-preview:-1\" \/>\n<link rel=\"canonical\" href=\"https:\/\/vadellassessors.com\/de\/vadell-assessors\/\" \/>\n<meta property=\"og:locale\" content=\"de_DE\" \/>\n<meta property=\"og:type\" content=\"article\" \/>\n<meta property=\"og:title\" content=\"Rechts- und Steuerberatung in Manacor | Vadell Assessors\" \/>\n<meta property=\"og:description\" content=\"Rechts- und Steuerberatung in Manacor. Experten f\u00fcr Zivil-, Handels- und Steuerrecht f\u00fcr Unternehmen, Fachkollegen und Privatpersonen.\" \/>\n<meta property=\"og:url\" content=\"https:\/\/vadellassessors.com\/de\/vadell-assessors\/\" \/>\n<meta property=\"og:site_name\" content=\"Vadell Assessors\" \/>\n<meta property=\"article:modified_time\" content=\"2025-03-06T12:34:30+00:00\" \/>\n<meta name=\"twitter:card\" content=\"summary_large_image\" \/>\n<meta name=\"twitter:label1\" content=\"Gesch\u00e4tzte Lesezeit\" \/>\n\t<meta name=\"twitter:data1\" content=\"2\u00a0Minuten\" \/>\n<script type=\"application\/ld+json\" class=\"yoast-schema-graph\">{\"@context\":\"https:\/\/schema.org\",\"@graph\":[{\"@type\":\"WebPage\",\"@id\":\"https:\/\/vadellassessors.com\/de\/vadell-assessors\/\",\"url\":\"https:\/\/vadellassessors.com\/de\/vadell-assessors\/\",\"name\":\"Rechts- und Steuerberatung in Manacor | Vadell Assessors\",\"isPartOf\":{\"@id\":\"https:\/\/vadellassessors.com\/de\/#website\"},\"primaryImageOfPage\":{\"@id\":\"https:\/\/vadellassessors.com\/de\/vadell-assessors\/#primaryimage\"},\"image\":{\"@id\":\"https:\/\/vadellassessors.com\/de\/vadell-assessors\/#primaryimage\"},\"thumbnailUrl\":\"https:\/\/vadellassessors.com\/wp-content\/uploads\/2025\/01\/akar-icons_check-box.svg\",\"datePublished\":\"2025-01-30T12:21:21+00:00\",\"dateModified\":\"2025-03-06T12:34:30+00:00\",\"description\":\"Rechts- und Steuerberatung in Manacor. Experten f\u00fcr Zivil-, Handels- und Steuerrecht f\u00fcr Unternehmen, Fachkollegen und Privatpersonen.\",\"breadcrumb\":{\"@id\":\"https:\/\/vadellassessors.com\/de\/vadell-assessors\/#breadcrumb\"},\"inLanguage\":\"de\",\"potentialAction\":[{\"@type\":\"ReadAction\",\"target\":[\"https:\/\/vadellassessors.com\/de\/vadell-assessors\/\"]}]},{\"@type\":\"ImageObject\",\"inLanguage\":\"de\",\"@id\":\"https:\/\/vadellassessors.com\/de\/vadell-assessors\/#primaryimage\",\"url\":\"https:\/\/vadellassessors.com\/wp-content\/uploads\/2025\/01\/akar-icons_check-box.svg\",\"contentUrl\":\"https:\/\/vadellassessors.com\/wp-content\/uploads\/2025\/01\/akar-icons_check-box.svg\"},{\"@type\":\"BreadcrumbList\",\"@id\":\"https:\/\/vadellassessors.com\/de\/vadell-assessors\/#breadcrumb\",\"itemListElement\":[{\"@type\":\"ListItem\",\"position\":1,\"name\":\"Portada\",\"item\":\"https:\/\/vadellassessors.com\/de\/\"},{\"@type\":\"ListItem\",\"position\":2,\"name\":\"Vadell Assessors\"}]},{\"@type\":\"WebSite\",\"@id\":\"https:\/\/vadellassessors.com\/de\/#website\",\"url\":\"https:\/\/vadellassessors.com\/de\/\",\"name\":\"Vadell Assessors\",\"description\":\"Construimos tu camino a partir de las mejores decisiones\",\"publisher\":{\"@id\":\"https:\/\/vadellassessors.com\/de\/#organization\"},\"potentialAction\":[{\"@type\":\"SearchAction\",\"target\":{\"@type\":\"EntryPoint\",\"urlTemplate\":\"https:\/\/vadellassessors.com\/de\/?s={search_term_string}\"},\"query-input\":{\"@type\":\"PropertyValueSpecification\",\"valueRequired\":true,\"valueName\":\"search_term_string\"}}],\"inLanguage\":\"de\"},{\"@type\":\"Organization\",\"@id\":\"https:\/\/vadellassessors.com\/de\/#organization\",\"name\":\"Vadell Assessors\",\"url\":\"https:\/\/vadellassessors.com\/de\/\",\"logo\":{\"@type\":\"ImageObject\",\"inLanguage\":\"de\",\"@id\":\"https:\/\/vadellassessors.com\/de\/#\/schema\/logo\/image\/\",\"url\":\"https:\/\/vadellassessors.com\/wp-content\/uploads\/2025\/01\/logo.svg\",\"contentUrl\":\"https:\/\/vadellassessors.com\/wp-content\/uploads\/2025\/01\/logo.svg\",\"width\":92,\"height\":62,\"caption\":\"Vadell Assessors\"},\"image\":{\"@id\":\"https:\/\/vadellassessors.com\/de\/#\/schema\/logo\/image\/\"}}]}<\/script>\n<!-- \/ Yoast SEO plugin. -->","yoast_head_json":{"title":"Rechts- und Steuerberatung in Manacor | Vadell Assessors","description":"Rechts- und Steuerberatung in Manacor. Experten f\u00fcr Zivil-, Handels- und Steuerrecht f\u00fcr Unternehmen, Fachkollegen und Privatpersonen.","robots":{"index":"index","follow":"follow","max-snippet":"max-snippet:-1","max-image-preview":"max-image-preview:large","max-video-preview":"max-video-preview:-1"},"canonical":"https:\/\/vadellassessors.com\/de\/vadell-assessors\/","og_locale":"de_DE","og_type":"article","og_title":"Rechts- und Steuerberatung in Manacor | Vadell Assessors","og_description":"Rechts- und Steuerberatung in Manacor. Experten f\u00fcr Zivil-, Handels- und Steuerrecht f\u00fcr Unternehmen, Fachkollegen und Privatpersonen.","og_url":"https:\/\/vadellassessors.com\/de\/vadell-assessors\/","og_site_name":"Vadell Assessors","article_modified_time":"2025-03-06T12:34:30+00:00","twitter_card":"summary_large_image","twitter_misc":{"Gesch\u00e4tzte Lesezeit":"2\u00a0Minuten"},"schema":{"@context":"https:\/\/schema.org","@graph":[{"@type":"WebPage","@id":"https:\/\/vadellassessors.com\/de\/vadell-assessors\/","url":"https:\/\/vadellassessors.com\/de\/vadell-assessors\/","name":"Rechts- und Steuerberatung in Manacor | Vadell Assessors","isPartOf":{"@id":"https:\/\/vadellassessors.com\/de\/#website"},"primaryImageOfPage":{"@id":"https:\/\/vadellassessors.com\/de\/vadell-assessors\/#primaryimage"},"image":{"@id":"https:\/\/vadellassessors.com\/de\/vadell-assessors\/#primaryimage"},"thumbnailUrl":"https:\/\/vadellassessors.com\/wp-content\/uploads\/2025\/01\/akar-icons_check-box.svg","datePublished":"2025-01-30T12:21:21+00:00","dateModified":"2025-03-06T12:34:30+00:00","description":"Rechts- und Steuerberatung in Manacor. Experten f\u00fcr Zivil-, Handels- und Steuerrecht f\u00fcr Unternehmen, Fachkollegen und Privatpersonen.","breadcrumb":{"@id":"https:\/\/vadellassessors.com\/de\/vadell-assessors\/#breadcrumb"},"inLanguage":"de","potentialAction":[{"@type":"ReadAction","target":["https:\/\/vadellassessors.com\/de\/vadell-assessors\/"]}]},{"@type":"ImageObject","inLanguage":"de","@id":"https:\/\/vadellassessors.com\/de\/vadell-assessors\/#primaryimage","url":"https:\/\/vadellassessors.com\/wp-content\/uploads\/2025\/01\/akar-icons_check-box.svg","contentUrl":"https:\/\/vadellassessors.com\/wp-content\/uploads\/2025\/01\/akar-icons_check-box.svg"},{"@type":"BreadcrumbList","@id":"https:\/\/vadellassessors.com\/de\/vadell-assessors\/#breadcrumb","itemListElement":[{"@type":"ListItem","position":1,"name":"Portada","item":"https:\/\/vadellassessors.com\/de\/"},{"@type":"ListItem","position":2,"name":"Vadell Assessors"}]},{"@type":"WebSite","@id":"https:\/\/vadellassessors.com\/de\/#website","url":"https:\/\/vadellassessors.com\/de\/","name":"Vadell Assessors","description":"Construimos tu camino a partir de las mejores decisiones","publisher":{"@id":"https:\/\/vadellassessors.com\/de\/#organization"},"potentialAction":[{"@type":"SearchAction","target":{"@type":"EntryPoint","urlTemplate":"https:\/\/vadellassessors.com\/de\/?s={search_term_string}"},"query-input":{"@type":"PropertyValueSpecification","valueRequired":true,"valueName":"search_term_string"}}],"inLanguage":"de"},{"@type":"Organization","@id":"https:\/\/vadellassessors.com\/de\/#organization","name":"Vadell Assessors","url":"https:\/\/vadellassessors.com\/de\/","logo":{"@type":"ImageObject","inLanguage":"de","@id":"https:\/\/vadellassessors.com\/de\/#\/schema\/logo\/image\/","url":"https:\/\/vadellassessors.com\/wp-content\/uploads\/2025\/01\/logo.svg","contentUrl":"https:\/\/vadellassessors.com\/wp-content\/uploads\/2025\/01\/logo.svg","width":92,"height":62,"caption":"Vadell Assessors"},"image":{"@id":"https:\/\/vadellassessors.com\/de\/#\/schema\/logo\/image\/"}}]}},"_links":{"self":[{"href":"https:\/\/vadellassessors.com\/de\/wp-json\/wp\/v2\/pages\/651","targetHints":{"allow":["GET"]}}],"collection":[{"href":"https:\/\/vadellassessors.com\/de\/wp-json\/wp\/v2\/pages"}],"about":[{"href":"https:\/\/vadellassessors.com\/de\/wp-json\/wp\/v2\/types\/page"}],"author":[{"embeddable":true,"href":"https:\/\/vadellassessors.com\/de\/wp-json\/wp\/v2\/users\/1"}],"replies":[{"embeddable":true,"href":"https:\/\/vadellassessors.com\/de\/wp-json\/wp\/v2\/comments?post=651"}],"version-history":[{"count":6,"href":"https:\/\/vadellassessors.com\/de\/wp-json\/wp\/v2\/pages\/651\/revisions"}],"predecessor-version":[{"id":718,"href":"https:\/\/vadellassessors.com\/de\/wp-json\/wp\/v2\/pages\/651\/revisions\/718"}],"wp:attachment":[{"href":"https:\/\/vadellassessors.com\/de\/wp-json\/wp\/v2\/media?parent=651"}],"curies":[{"name":"wp","href":"https:\/\/api.w.org\/{rel}","templated":true}]}}